{"id":1902,"date":"2024-11-17T11:56:33","date_gmt":"2024-11-17T10:56:33","guid":{"rendered":"https:\/\/warsawcreatives.com\/contact\/"},"modified":"2026-02-27T14:58:24","modified_gmt":"2026-02-27T13:58:24","slug":"kontakt","status":"publish","type":"page","link":"https:\/\/warsawcreatives.com\/pl\/kontakt\/","title":{"rendered":"Kontakt"},"content":{"rendered":"\n<section id=\"nwh-block_e87704120f6b928b3590e4b988fbdec0\" class=\"section nwh\">\n\n  <div class=\"nwh__inner container\">\n\n    \n        <reveal-wrap class=\"nwh__heading t-h3 t-h7-mb\">\n      <h3>\n          Porozmawiajmy<br \/>\r\no Twoim <br \/>\r\nnast\u0119pnym projekcie      <\/h3>\n    <\/reveal-wrap>\n    \n  <\/div>\n\n<\/section>\n\n\n<section id=\"addresses-block_8fed964bc9377a99dfb366a20ee6f40d\" class=\"addresses\">\n\n  <div class=\"addresses__inner container\">\n\n    <ul class=\"addresses__items unstyled-list\">\n\n      \n      <li class=\"addresses__item rte rte--small\" data-aos=\"fade-up\" data-aos-delay=\"0\">\n\n        <p><strong>CENTRALA WARSZAWA<\/strong><\/p>\n<p>Al. J. Ch. Szucha 5<br \/>\n00-580 Warszawa<br \/>\nPolska<\/p>\n\n      <\/li>\n\n      \n      <li class=\"addresses__item rte rte--small\" data-aos=\"fade-up\" data-aos-delay=\"150\">\n\n        <p><strong>BIURO LONDYN<\/strong><\/p>\n<p>Grand Union Studios, Unit 4.13<br \/>\n332 Ladbroke Grove,<br \/>\nLondon W10 5AD. UK<\/p>\n\n      <\/li>\n\n      \n      <li class=\"addresses__item rte rte--small\" data-aos=\"fade-up\" data-aos-delay=\"300\">\n\n        <p>Wsp\u00f3\u0142praca<\/p>\n<p><strong>KLAUDIA SZAROWSKA<\/strong><br \/>\n<a href=\"mailto:newbusiness@warsawcreatives.com\">newbusiness@warsawcreatives.com<\/a><\/p>\n<p>&nbsp;<\/p>\n<p>Kontakt do biura<\/p>\n<p><strong>TOM G\u00d3RALCZYK<\/strong><br \/>\n\u2192 +48 790 425 242<br \/>\n<a href=\"mailto:info@warsawcreatives.com\">info@warsawcreatives.com<\/a><\/p>\n\n      <\/li>\n\n      \n    <\/ul>\n\n  <\/div>\n\n<\/section>\n\n","protected":false},"excerpt":{"rendered":"","protected":false},"author":1,"featured_media":0,"parent":0,"menu_order":0,"comment_status":"closed","ping_status":"closed","template":"","meta":{"_acf_changed":false,"footnotes":""},"class_list":["post-1902","page","type-page","status-publish","hentry"],"acf":[],"yoast_head":"<!-- This site is optimized with the Yoast SEO plugin v27.2 - https:\/\/yoast.com\/product\/yoast-seo-wordpress\/ -->\n<title>Kontakt | Warsaw\/Creatives<\/title>\n<meta name=\"description\" content=\"Skontaktuj si\u0119 z nami. Napisz do nas w sprawie wsp\u00f3\u0142pracy, zapyta\u0144 lub aby dowiedzie\u0107 si\u0119 o naszych us\u0142ugach. Jeste\u015bmy do Twojej dyspozycji!\" \/>\n<meta name=\"robots\" content=\"index, follow, max-snippet:-1, max-image-preview:large, max-video-preview:-1\" \/>\n<link rel=\"canonical\" href=\"https:\/\/warsawcreatives.com\/pl\/kontakt\/\" \/>\n<meta property=\"og:locale\" content=\"pl_PL\" \/>\n<meta property=\"og:type\" content=\"article\" \/>\n<meta property=\"og:title\" content=\"Kontakt | Warsaw\/Creatives\" \/>\n<meta property=\"og:description\" content=\"Skontaktuj si\u0119 z nami. Napisz do nas w sprawie wsp\u00f3\u0142pracy, zapyta\u0144 lub aby dowiedzie\u0107 si\u0119 o naszych us\u0142ugach. Jeste\u015bmy do Twojej dyspozycji!\" \/>\n<meta property=\"og:url\" content=\"https:\/\/warsawcreatives.com\/pl\/kontakt\/\" \/>\n<meta property=\"og:site_name\" content=\"Warsaw Creatives\" \/>\n<meta property=\"article:publisher\" content=\"https:\/\/www.facebook.com\/warsawcreatives\/\" \/>\n<meta property=\"article:modified_time\" content=\"2026-02-27T13:58:24+00:00\" \/>\n<meta name=\"twitter:card\" content=\"summary_large_image\" \/>\n<script type=\"application\/ld+json\" class=\"yoast-schema-graph\">{\"@context\":\"https:\/\/schema.org\",\"@graph\":[{\"@type\":\"WebPage\",\"@id\":\"https:\/\/warsawcreatives.com\/pl\/kontakt\/\",\"url\":\"https:\/\/warsawcreatives.com\/pl\/kontakt\/\",\"name\":\"Kontakt | Warsaw\/Creatives\",\"isPartOf\":{\"@id\":\"https:\/\/warsawcreatives.com\/pl\/#website\"},\"datePublished\":\"2024-11-17T10:56:33+00:00\",\"dateModified\":\"2026-02-27T13:58:24+00:00\",\"description\":\"Skontaktuj si\u0119 z nami. Napisz do nas w sprawie wsp\u00f3\u0142pracy, zapyta\u0144 lub aby dowiedzie\u0107 si\u0119 o naszych us\u0142ugach. Jeste\u015bmy do Twojej dyspozycji!\",\"breadcrumb\":{\"@id\":\"https:\/\/warsawcreatives.com\/pl\/kontakt\/#breadcrumb\"},\"inLanguage\":\"pl-PL\",\"potentialAction\":[{\"@type\":\"ReadAction\",\"target\":[\"https:\/\/warsawcreatives.com\/pl\/kontakt\/\"]}]},{\"@type\":\"BreadcrumbList\",\"@id\":\"https:\/\/warsawcreatives.com\/pl\/kontakt\/#breadcrumb\",\"itemListElement\":[{\"@type\":\"ListItem\",\"position\":1,\"name\":\"Home\",\"item\":\"https:\/\/warsawcreatives.com\/pl\/\"},{\"@type\":\"ListItem\",\"position\":2,\"name\":\"Kontakt\"}]},{\"@type\":\"WebSite\",\"@id\":\"https:\/\/warsawcreatives.com\/pl\/#website\",\"url\":\"https:\/\/warsawcreatives.com\/pl\/\",\"name\":\"Warsaw\/Creatives\",\"description\":\"We are a creative agency providing strategic value, through creativity, engagement and sustainability, with offices in Warsaw and London.\",\"publisher\":{\"@id\":\"https:\/\/warsawcreatives.com\/pl\/#organization\"},\"potentialAction\":[{\"@type\":\"SearchAction\",\"target\":{\"@type\":\"EntryPoint\",\"urlTemplate\":\"https:\/\/warsawcreatives.com\/pl\/?s={search_term_string}\"},\"query-input\":{\"@type\":\"PropertyValueSpecification\",\"valueRequired\":true,\"valueName\":\"search_term_string\"}}],\"inLanguage\":\"pl-PL\"},{\"@type\":\"Organization\",\"@id\":\"https:\/\/warsawcreatives.com\/pl\/#organization\",\"name\":\"Warsaw\/Creatives\",\"url\":\"https:\/\/warsawcreatives.com\/pl\/\",\"logo\":{\"@type\":\"ImageObject\",\"inLanguage\":\"pl-PL\",\"@id\":\"https:\/\/warsawcreatives.com\/pl\/#\/schema\/logo\/image\/\",\"url\":\"https:\/\/warsawcreatives.com\/wp-content\/uploads\/2025\/02\/Creatives.jpg\",\"contentUrl\":\"https:\/\/warsawcreatives.com\/wp-content\/uploads\/2025\/02\/Creatives.jpg\",\"width\":137,\"height\":100,\"caption\":\"Warsaw\/Creatives\"},\"image\":{\"@id\":\"https:\/\/warsawcreatives.com\/pl\/#\/schema\/logo\/image\/\"},\"sameAs\":[\"https:\/\/www.facebook.com\/warsawcreatives\/\",\"https:\/\/www.instagram.com\/warsawcreatives\/\"]}]}<\/script>\n<!-- \/ Yoast SEO plugin. -->","yoast_head_json":{"title":"Kontakt | Warsaw\/Creatives","description":"Skontaktuj si\u0119 z nami. Napisz do nas w sprawie wsp\u00f3\u0142pracy, zapyta\u0144 lub aby dowiedzie\u0107 si\u0119 o naszych us\u0142ugach. Jeste\u015bmy do Twojej dyspozycji!","robots":{"index":"index","follow":"follow","max-snippet":"max-snippet:-1","max-image-preview":"max-image-preview:large","max-video-preview":"max-video-preview:-1"},"canonical":"https:\/\/warsawcreatives.com\/pl\/kontakt\/","og_locale":"pl_PL","og_type":"article","og_title":"Kontakt | Warsaw\/Creatives","og_description":"Skontaktuj si\u0119 z nami. Napisz do nas w sprawie wsp\u00f3\u0142pracy, zapyta\u0144 lub aby dowiedzie\u0107 si\u0119 o naszych us\u0142ugach. Jeste\u015bmy do Twojej dyspozycji!","og_url":"https:\/\/warsawcreatives.com\/pl\/kontakt\/","og_site_name":"Warsaw Creatives","article_publisher":"https:\/\/www.facebook.com\/warsawcreatives\/","article_modified_time":"2026-02-27T13:58:24+00:00","twitter_card":"summary_large_image","schema":{"@context":"https:\/\/schema.org","@graph":[{"@type":"WebPage","@id":"https:\/\/warsawcreatives.com\/pl\/kontakt\/","url":"https:\/\/warsawcreatives.com\/pl\/kontakt\/","name":"Kontakt | Warsaw\/Creatives","isPartOf":{"@id":"https:\/\/warsawcreatives.com\/pl\/#website"},"datePublished":"2024-11-17T10:56:33+00:00","dateModified":"2026-02-27T13:58:24+00:00","description":"Skontaktuj si\u0119 z nami. Napisz do nas w sprawie wsp\u00f3\u0142pracy, zapyta\u0144 lub aby dowiedzie\u0107 si\u0119 o naszych us\u0142ugach. Jeste\u015bmy do Twojej dyspozycji!","breadcrumb":{"@id":"https:\/\/warsawcreatives.com\/pl\/kontakt\/#breadcrumb"},"inLanguage":"pl-PL","potentialAction":[{"@type":"ReadAction","target":["https:\/\/warsawcreatives.com\/pl\/kontakt\/"]}]},{"@type":"BreadcrumbList","@id":"https:\/\/warsawcreatives.com\/pl\/kontakt\/#breadcrumb","itemListElement":[{"@type":"ListItem","position":1,"name":"Home","item":"https:\/\/warsawcreatives.com\/pl\/"},{"@type":"ListItem","position":2,"name":"Kontakt"}]},{"@type":"WebSite","@id":"https:\/\/warsawcreatives.com\/pl\/#website","url":"https:\/\/warsawcreatives.com\/pl\/","name":"Warsaw\/Creatives","description":"We are a creative agency providing strategic value, through creativity, engagement and sustainability, with offices in Warsaw and London.","publisher":{"@id":"https:\/\/warsawcreatives.com\/pl\/#organization"},"potentialAction":[{"@type":"SearchAction","target":{"@type":"EntryPoint","urlTemplate":"https:\/\/warsawcreatives.com\/pl\/?s={search_term_string}"},"query-input":{"@type":"PropertyValueSpecification","valueRequired":true,"valueName":"search_term_string"}}],"inLanguage":"pl-PL"},{"@type":"Organization","@id":"https:\/\/warsawcreatives.com\/pl\/#organization","name":"Warsaw\/Creatives","url":"https:\/\/warsawcreatives.com\/pl\/","logo":{"@type":"ImageObject","inLanguage":"pl-PL","@id":"https:\/\/warsawcreatives.com\/pl\/#\/schema\/logo\/image\/","url":"https:\/\/warsawcreatives.com\/wp-content\/uploads\/2025\/02\/Creatives.jpg","contentUrl":"https:\/\/warsawcreatives.com\/wp-content\/uploads\/2025\/02\/Creatives.jpg","width":137,"height":100,"caption":"Warsaw\/Creatives"},"image":{"@id":"https:\/\/warsawcreatives.com\/pl\/#\/schema\/logo\/image\/"},"sameAs":["https:\/\/www.facebook.com\/warsawcreatives\/","https:\/\/www.instagram.com\/warsawcreatives\/"]}]}},"_links":{"self":[{"href":"https:\/\/warsawcreatives.com\/pl\/wp-json\/wp\/v2\/pages\/1902","targetHints":{"allow":["GET"]}}],"collection":[{"href":"https:\/\/warsawcreatives.com\/pl\/wp-json\/wp\/v2\/pages"}],"about":[{"href":"https:\/\/warsawcreatives.com\/pl\/wp-json\/wp\/v2\/types\/page"}],"author":[{"embeddable":true,"href":"https:\/\/warsawcreatives.com\/pl\/wp-json\/wp\/v2\/users\/1"}],"replies":[{"embeddable":true,"href":"https:\/\/warsawcreatives.com\/pl\/wp-json\/wp\/v2\/comments?post=1902"}],"version-history":[{"count":8,"href":"https:\/\/warsawcreatives.com\/pl\/wp-json\/wp\/v2\/pages\/1902\/revisions"}],"predecessor-version":[{"id":2744,"href":"https:\/\/warsawcreatives.com\/pl\/wp-json\/wp\/v2\/pages\/1902\/revisions\/2744"}],"wp:attachment":[{"href":"https:\/\/warsawcreatives.com\/pl\/wp-json\/wp\/v2\/media?parent=1902"}],"curies":[{"name":"wp","href":"https:\/\/api.w.org\/{rel}","templated":true}]}}