{"id":1915,"date":"2024-11-17T11:40:16","date_gmt":"2024-11-17T10:40:16","guid":{"rendered":"https:\/\/warsawcreatives.com\/we-care\/"},"modified":"2025-02-17T15:05:55","modified_gmt":"2025-02-17T14:05:55","slug":"we-care","status":"publish","type":"page","link":"https:\/\/warsawcreatives.com\/pl\/we-care\/","title":{"rendered":"We Care"},"content":{"rendered":"\n<section id=\"intro-asset-block_8de1c64c85bb8babcb9d095d3444fd24\" class=\"intro-asset\">\n\n  <div class=\"intro-asset__inner container\" data-aos=\"fade\">\n\n    \n<figure\n  class=\"asset intro-asset__figure\"\n  data-asset\n    >\n\n  <img loading=\"lazy\" decoding=\"async\" width=\"2328\" height=\"1212\" src=\"https:\/\/warsawcreatives.com\/wp-content\/uploads\/2025\/01\/We-Care-Main.webp\" class=\"asset__media asset__media--dt landscape\" alt=\"\" srcset=\"https:\/\/warsawcreatives.com\/wp-content\/uploads\/2025\/01\/We-Care-Main.webp 2328w, https:\/\/warsawcreatives.com\/wp-content\/uploads\/2025\/01\/We-Care-Main-960x500.webp 960w, https:\/\/warsawcreatives.com\/wp-content\/uploads\/2025\/01\/We-Care-Main-1440x750.webp 1440w, https:\/\/warsawcreatives.com\/wp-content\/uploads\/2025\/01\/We-Care-Main-540x281.webp 540w, https:\/\/warsawcreatives.com\/wp-content\/uploads\/2025\/01\/We-Care-Main-768x400.webp 768w, https:\/\/warsawcreatives.com\/wp-content\/uploads\/2025\/01\/We-Care-Main-1536x800.webp 1536w, https:\/\/warsawcreatives.com\/wp-content\/uploads\/2025\/01\/We-Care-Main-2048x1066.webp 2048w\" sizes=\"auto, (max-width: 2328px) 100vw, 2328px\" \/><img loading=\"lazy\" decoding=\"async\" width=\"750\" height=\"1200\" src=\"https:\/\/warsawcreatives.com\/wp-content\/uploads\/2025\/01\/We-Care-Main-mobile.webp\" class=\"asset__media asset__media--mb portrait\" alt=\"\" srcset=\"https:\/\/warsawcreatives.com\/wp-content\/uploads\/2025\/01\/We-Care-Main-mobile.webp 750w, https:\/\/warsawcreatives.com\/wp-content\/uploads\/2025\/01\/We-Care-Main-mobile-450x720.webp 450w\" sizes=\"auto, (max-width: 750px) 100vw, 750px\" \/>\n<\/figure>\n\n  <\/div>\n\n<\/section>\n\n\n<section id=\"nhwt-block_712d243b63419d9dcb59ede055fcb790\" class=\"section nhwt\">\n\n  <div class=\"nhwt__inner nhwt__inner--even container\">\n\n        <h4 class=\"nhwt__name tagline\" data-aos=\"fade-up\">We care<\/h4>\n    \n        <reveal-wrap class=\"nhwt__heading nhwt__heading--normal\">\n      <h1 class=\"t-h6 t-h7-mb\">\n        Warsaw\/Creatives &#8211;<br \/>\r\nZaanga\u017cowanie<br \/>\r\nw Zr\u00f3wnowa\u017cony Rozw\u00f3j      <\/h1>\n    <\/reveal-wrap>\n    \n        <div class=\"nhwt__text\">\n      <reveal-wrap class=\"rte\">\n        <p>Jeste\u015bmy w nieustaj\u0105cym procesie ewolucji i wdra\u017cania innowacji. Jakkolwiek banalnie to zabrzmi &#8211; \u015bwiat si\u0119 zmienia, a my musimy za nim nad\u0105\u017ca\u0107 nie trac\u0105c przy tym naszych najlepszych cech, ale maj\u0105c na uwadze wp\u0142yw jaki mamy na ludzi, planet\u0119 i biznes. Nie chcemy tkwi\u0107 w przesz\u0142o\u015bci, dlatego zmieniamy nasze przyzwyczajenia, to jak pracujemy wewn\u0105trz i na zewn\u0105trz agencji. Wiemy, \u017ce zmiana nie przychodzi od razu, dlatego cenimy nawet drobne gesty, kt\u00f3re zmieniaj\u0105 perspektyw\u0119 i zbli\u017caj\u0105 nas do celu.<\/p>\n      <\/reveal-wrap>\n    <\/div>\n    \n  <\/div>\n\n<\/section>\n\n\n<section aria-hidden id=\"border-block_e789515b25ab68de70e1f80589c09cd2\" class=\"border\">\n\n  <div class=\"container border__inner\">\n\n    <div class=\"border__border\" data-aos=\"draw-border\"><\/div>\n\n  <\/div>\n\n<\/section>\n\n\n<section id=\"goals-block_070fc315695fe3c9091549cd47d04feb\" class=\"section goals\">\n\n  <div class=\"goals__inner container\">\n\n    <sp-lide\n      class=\"splide goals__splide\"\n      data-splide='{\n        \"pagination\": false,\n        \"arrows\": false,\n        \"fixedWidth\": \"24.6rem\",\n        \"gap\": \"var(--gutter)\",\n        \"padding\": \"var(--gutter)\",\n        \"updateOnMove\": true,\n        \"mediaQuery\": \"min\",\n        \"breakpoints\": {\n          \"701\": {\n            \"destroy\": true\n          }\n        }\n      }'>\n\n      <div class=\"splide__track\">\n\n        <ul class=\"splide__list\">\n\n          \n          <li class=\"splide__slide goals__goal\" data-aos=\"fade-up\" data-aos-delay=\"0\">\n\n            <goal-icon class=\"goals__goal-figure\" data-aos=\"0\">\n              <?xml version=\"1.0\" encoding=\"UTF-8\"?> <svg xmlns=\"http:\/\/www.w3.org\/2000\/svg\" xmlns:xlink=\"http:\/\/www.w3.org\/1999\/xlink\" version=\"1.1\" id=\"Layer_1\" x=\"0px\" y=\"0px\" viewBox=\"0 0 101.56 82.64\" style=\"enable-background:new 0 0 101.56 82.64;\" xml:space=\"preserve\"> <path class=\"icon1_1 icon1_1_active\" stroke-width=\"1\" stroke=\"#001E45\" fill=\"none\" stroke-linecap=\"butt\" stroke-linejoin=\"round\" stroke-dasharray=\"0.5 281\" d=\"M50.78,81.82c0,0,25.95-21.11,38.76-31.23c6.73-5.02,11.09-13.04,11.09-22.08c0-15.21-12.33-27.54-27.54-27.54 c-10.1,0-16.81,5.7-18.86,8.43 M50.78,12.37c-5-6.91-13.13-11.41-22.31-11.41C13.26,0.96,0.93,13.29,0.93,28.5 c0,9.04,4.36,17.06,11.09,22.08c8.74,6.9,26.9,22.06,35.3,28.87\"><\/path> <path class=\"icon1_2 icon1_2_active\" stroke-width=\"1\" stroke=\"#001E45\" fill=\"none\" stroke-linecap=\"butt\" stroke-linejoin=\"round\" stroke-dasharray=\"0.5 27\" d=\"M38.87,11.68c3.49-3.08,8.82-2.81,11.91,0.69C47.7,8.88,48,3.47,51.5,0.39\"><\/path> <path class=\"icon1_3 icon1_3_active\" stroke-width=\"1\" stroke=\"#001E45\" fill=\"none\" stroke-linecap=\"butt\" stroke-linejoin=\"round\" stroke-dasharray=\"0.5 27\" d=\"M62.7,82.27c-3.17-3.42-8.5-3.62-11.92-0.46c3.42-3.17,3.64-8.5,0.47-11.92\"><\/path> <\/svg>             <\/goal-icon>\n\n            <div class=\"goals__goal-content t-bullet t-body-mb\">\n              <p>W naszych biurach i na planach zdj\u0119ciowych redukujemy odpady, kt\u00f3rych nie mo\u017cna podda\u0107 recyklingowi. <\/p>\n            <\/div>\n\n          <\/li>\n\n          \n          <li class=\"splide__slide goals__goal\" data-aos=\"fade-up\" data-aos-delay=\"250\">\n\n            <goal-icon class=\"goals__goal-figure\" data-aos=\"0\">\n              <?xml version=\"1.0\" encoding=\"UTF-8\"?> <svg xmlns=\"http:\/\/www.w3.org\/2000\/svg\" xmlns:xlink=\"http:\/\/www.w3.org\/1999\/xlink\" version=\"1.1\" x=\"0px\" y=\"0px\" viewBox=\"0 0 86.87 87.28\" style=\"enable-background:new 0 0 86.87 87.28;\" xml:space=\"preserve\"> <circle class=\"icon2_268 icon2_268_active\" stroke-width=\"1\" stroke=\"#001E45\" fill=\"none\" stroke-linecap=\"butt\" stroke-linejoin=\"round\" stroke-dasharray=\"0.5 268\" cx=\"43.44\" cy=\"43.64\" r=\"42.76\"><\/circle> <path class=\"icon2_83 icon2_83_active\" stroke-width=\"1\" stroke=\"#001E45\" fill=\"none\" stroke-linecap=\"butt\" stroke-linejoin=\"round\" stroke-dasharray=\"0.5 302\" d=\"M69.9,44.14c0,14.61-11.85,26.46-26.46,26.46S16.98,58.76,16.98,44.14\"><\/path> <path class=\"icon2_28 icon2_28_active\" stroke-width=\"1\" stroke=\"#001E45\" fill=\"none\" stroke-linecap=\"butt\" stroke-linejoin=\"round\" stroke-dasharray=\"0.5 28\" d=\"M46.39,29.25c-0.69-1.96-2.45-3.07-4.53-3.07c-2.87,0-5.04,2.25-5.04,5.23c0,3.02,2.18,5.23,5.04,5.23 c2.06,0,3.83-1.1,4.5-3.07\"><\/path> <path class=\"icon2_33 icon2_33_active\" stroke-width=\"1\" stroke=\"#001E45\" fill=\"none\" stroke-linecap=\"butt\" stroke-linejoin=\"round\" stroke-dasharray=\"0.5 33\" d=\"M66.55,31.41c0-2.97-2.14-5.23-5.08-5.23c-2.92,0-5.08,2.26-5.08,5.23c0,3.02,2.16,5.23,5.08,5.23 C64.41,36.64,66.55,34.43,66.55,31.41z\"><\/path> <polyline class=\"icon2_22 icon2_22_active icon2_5_active\" stroke-width=\"1\" stroke=\"#001E45\" fill=\"none\" stroke-linecap=\"butt\" stroke-linejoin=\"round\" stroke-dasharray=\"0.5 100\" points=\"26.68,26.18 20.9,26.18 20.9,36.58 26.81,36.58 \"><\/polyline> <line class=\"icon2_5\" stroke-width=\"1\" stroke=\"#001E45\" fill=\"none\" stroke-linecap=\"butt\" stroke-linejoin=\"round\" stroke-dasharray=\"20\" x1=\"25.97\" y1=\"31.28\" x2=\"20.9\" y2=\"31.28\"><\/line> <\/svg>             <\/goal-icon>\n\n            <div class=\"goals__goal-content t-bullet t-body-mb\">\n              <p>Staramy si\u0119 u\u017cywa\u0107 jak najwi\u0119cej materia\u0142\u00f3w recyklingowanych czy wielokrotnego u\u017cytku, zach\u0119camy te\u017c naszych klient\u00f3w do w\u0142\u0105czenia zr\u00f3wnowa\u017conego rozwoju do ich DNA.<\/p>\n            <\/div>\n\n          <\/li>\n\n          \n          <li class=\"splide__slide goals__goal\" data-aos=\"fade-up\" data-aos-delay=\"0\">\n\n            <goal-icon class=\"goals__goal-figure\" data-aos=\"0\">\n              <?xml version=\"1.0\" encoding=\"UTF-8\"?> <svg xmlns=\"http:\/\/www.w3.org\/2000\/svg\" xmlns:xlink=\"http:\/\/www.w3.org\/1999\/xlink\" version=\"1.1\" x=\"0px\" y=\"0px\" viewBox=\"0 0 86.91 87.28\" style=\"enable-background:new 0 0 86.91 87.28;\" xml:space=\"preserve\"> <circle class=\"icon5_11 icon5_11_active\" stroke-width=\"1\" stroke=\"#001E45\" fill=\"none\" stroke-linecap=\"butt\" stroke-linejoin=\"round\" stroke-dasharray=\"0.5 11\" cx=\"43.46\" cy=\"43.64\" r=\"1.89\"><\/circle> <circle class=\"icon5_11 icon5_11_active\" stroke-width=\"1\" stroke=\"#001E45\" fill=\"none\" stroke-linecap=\"butt\" stroke-linejoin=\"round\" stroke-dasharray=\"0.5 11\" cx=\"54.98\" cy=\"43.64\" r=\"1.89\"><\/circle> <circle class=\"icon5_11 icon5_11_active\" stroke-width=\"1\" stroke=\"#001E45\" fill=\"none\" stroke-linecap=\"butt\" stroke-linejoin=\"round\" stroke-dasharray=\"0.5 11\" cx=\"31.93\" cy=\"43.64\" r=\"1.89\"><\/circle> <circle class=\"icon5_268 icon5_268_active\" stroke-width=\"1\" stroke=\"#001E45\" fill=\"none\" stroke-linecap=\"butt\" stroke-linejoin=\"round\" stroke-dasharray=\"0.5 268\" cx=\"43.46\" cy=\"43.64\" r=\"42.76\"><\/circle> <\/svg>             <\/goal-icon>\n\n            <div class=\"goals__goal-content t-bullet t-body-mb\">\n              <p>Nasz\u0105 misj\u0105 jest uzyskanie<br \/>\ncertyfikatu B-Corp.<\/p>\n            <\/div>\n\n          <\/li>\n\n          \n          <li class=\"splide__slide goals__goal\" data-aos=\"fade-up\" data-aos-delay=\"250\">\n\n            <goal-icon class=\"goals__goal-figure\" data-aos=\"0\">\n              <?xml version=\"1.0\" encoding=\"UTF-8\"?> <svg xmlns=\"http:\/\/www.w3.org\/2000\/svg\" xmlns:xlink=\"http:\/\/www.w3.org\/1999\/xlink\" version=\"1.1\" x=\"0px\" y=\"0px\" viewBox=\"0 0 86.02 91.75\" style=\"enable-background:new 0 0 86.02 91.75;\" xml:space=\"preserve\"> <path class=\"icon4_89 icon4_89_active\" stroke-width=\"1\" stroke=\"#001E45\" fill=\"none\" stroke-linecap=\"butt\" stroke-linejoin=\"round\" stroke-dasharray=\"0.5 89\" d=\"M15.72,76.14C-1.65,62.33-4.54,37.07,9.26,19.7C14.81,12.72,22.2,8.09,30.19,5.92\"><\/path> <path class=\"icon4_89 icon4_89_active\" stroke-width=\"1\" stroke=\"#001E45\" fill=\"none\" stroke-linecap=\"butt\" stroke-linejoin=\"round\" stroke-dasharray=\"0.5 89\" d=\"M70.3,16.09c17.37,13.8,20.26,39.07,6.45,56.44C71.21,79.5,63.82,84.14,55.83,86.3\"><\/path> <path id=\"check\" class=\"icon4_133 icon4_133_active\" stroke-width=\"1\" stroke=\"#001E45\" fill=\"none\" stroke-linecap=\"butt\" stroke-linejoin=\"round\" stroke-dasharray=\"0.5 133\" d=\"M64.84,39.11c-2.83-9.73-11.8-16.85-22.45-16.85c-12.91,0-23.38,10.47-23.38,23.38s10.47,23.38,23.38,23.38 c10.46,0,19.32-6.88,22.3-16.36\"><\/path> <path class=\"icon4_27 icon4_27_active\" stroke-width=\"1\" stroke=\"#001E45\" fill=\"none\" stroke-linecap=\"butt\" stroke-linejoin=\"round\" stroke-dasharray=\"0.5 27\" d=\"M66.95,90.68c-1.88-4.26-6.85-6.2-11.12-4.32c4.26-1.88,6.2-6.85,4.32-11.12\"><\/path> <path class=\"icon4_13 icon4_13_active\" stroke-width=\"1\" stroke=\"#001E45\" fill=\"none\" stroke-linecap=\"butt\" stroke-linejoin=\"round\" stroke-dasharray=\"0.5 26\" d=\"M30.19,5.91c-4.26,1.88-6.2,6.85-4.32,11.12\"><\/path> <path class=\"icon4_13 icon4_13_active\" stroke-width=\"1\" stroke=\"#001E45\" fill=\"none\" stroke-linecap=\"butt\" stroke-linejoin=\"round\" stroke-dasharray=\"0.5 13\" d=\"M30.19,5.91c-4.26,1.88-9.24-0.06-11.12-4.32\"><\/path> <\/svg>             <\/goal-icon>\n\n            <div class=\"goals__goal-content t-bullet t-body-mb\">\n              <p>Staramy si\u0119 zmniejszy\u0107 nasz \u015blad w\u0119glowy, by osi\u0105gn\u0105\u0107 zerow\u0105 kompensacj\u0119 odpad\u00f3w, co zbli\u017cy nas do neutralno\u015bci emisyjnej.<\/p>\n            <\/div>\n\n          <\/li>\n\n          \n          <li class=\"splide__slide goals__goal\" data-aos=\"fade-up\" data-aos-delay=\"0\">\n\n            <goal-icon class=\"goals__goal-figure\" data-aos=\"0\">\n              <?xml version=\"1.0\" encoding=\"UTF-8\"?> <svg xmlns=\"http:\/\/www.w3.org\/2000\/svg\" xmlns:xlink=\"http:\/\/www.w3.org\/1999\/xlink\" version=\"1.1\" x=\"0px\" y=\"0px\" viewBox=\"0 0 116.14 81.97\" style=\"enable-background:new 0 0 116.14 81.97;\" xml:space=\"preserve\"> <circle id=\"check\" class=\"icon7_250 icon7_250_active\" stroke-width=\"1\" stroke=\"#001E45\" fill=\"none\" stroke-linecap=\"butt\" stroke-linejoin=\"round\" stroke-dasharray=\"0.5 250\" cx=\"40.84\" cy=\"40.99\" r=\"39.85\"><\/circle> <circle class=\"icon7_250 icon7_250_active\" stroke-width=\"1\" stroke=\"#001E45\" fill=\"none\" stroke-linecap=\"butt\" stroke-linejoin=\"round\" stroke-dasharray=\"0.5 250\" cx=\"75.3\" cy=\"40.99\" r=\"39.85\"><\/circle> <\/svg>             <\/goal-icon>\n\n            <div class=\"goals__goal-content t-bullet t-body-mb\">\n              <p>Oferujemy naszym klientom konsultacje dotycz\u0105ce zr\u00f3wnowa\u017conego rozwoju, bo chcemy by\u0107 pewni, \u017ce wszyscy jeste\u015bmy na wsp\u00f3lnej drodze ku wi\u0119kszej \u015bwiadomo\u015bci ekologicznej.<\/p>\n            <\/div>\n\n          <\/li>\n\n          \n          <li class=\"splide__slide goals__goal\" data-aos=\"fade-up\" data-aos-delay=\"250\">\n\n            <goal-icon class=\"goals__goal-figure\" data-aos=\"0\">\n              <?xml version=\"1.0\" encoding=\"UTF-8\"?> <svg xmlns=\"http:\/\/www.w3.org\/2000\/svg\" id=\"Layer_1\" version=\"1.1\" viewBox=\"0 0 86.8 82.6\"><defs><style> .st0 { fill: none; stroke: #001e45; stroke-miterlimit: 10; stroke-width: .9px; } <\/style><\/defs><circle class=\"st0\" cx=\"43.4\" cy=\"41.3\" r=\"40\"><\/circle><circle class=\"st0\" cx=\"43.4\" cy=\"41.3\" r=\"30\"><\/circle><path class=\"st0\" d=\"M43.4,25c3,10.9,5.4,13.3,16.3,16.3-10.9,3-13.3,5.4-16.3,16.3-3-10.9-5.4-13.3-16.3-16.3,10.9-3,13.3-5.4,16.3-16.3Z\"><\/path><\/svg>             <\/goal-icon>\n\n            <div class=\"goals__goal-content t-bullet t-body-mb\">\n              <p>Jeste\u015bmy zaanga\u017cowani w prowadzenie dzia\u0142alno\u015bci w spos\u00f3b odpowiedzialny, kieruj\u0105c si\u0119 zasadami etyki, r\u00f3wno\u015bci i zr\u00f3wnowa\u017conego rozwoju. Wspieramy inicjatywy promuj\u0105ce ochron\u0119 \u015brodowiska, uczciwe praktyki pracy oraz przejrzysto\u015b\u0107 w biznesie.<\/p>\n            <\/div>\n\n          <\/li>\n\n          \n        <\/ul>\n\n        <span class=\"splide__info t-bullet\" data-aos=\"fade-up\">Przesu\u0144 w bok<\/span>\n\n      <\/div>\n\n    <\/sp-lide>\n\n  <\/div>\n\n<\/section>\n\n\n\n\n<section aria-hidden id=\"border-block_e789515b25ab68de70e1f80589c09cd2\" class=\"border\">\n\n  <div class=\"container border__inner\">\n\n    <div class=\"border__border\" data-aos=\"draw-border\"><\/div>\n\n  <\/div>\n\n<\/section>\n\n\n<section id=\"nwh-block_019ebb1e0833391ba28925d88298ca8a\" class=\"section nwh\">\n\n  <div class=\"nwh__inner container\">\n\n    \n        <reveal-wrap class=\"nwh__heading t-h6 t-h7-mb\">\n      <h2>\n          Do\u0142\u0105cz do nas w tej podr\u00f3\u017cy.<br \/>\r\nRazem mo\u017cemy zmieni\u0107 dzisiejszy \u015bwiat<br \/>\r\ni kszta\u0142towa\u0107 przysz\u0142o\u015b\u0107.      <\/h2>\n    <\/reveal-wrap>\n    \n  <\/div>\n\n<\/section>","protected":false},"excerpt":{"rendered":"","protected":false},"author":1,"featured_media":0,"parent":0,"menu_order":0,"comment_status":"closed","ping_status":"closed","template":"","meta":{"_acf_changed":false,"footnotes":""},"class_list":["post-1915","page","type-page","status-publish","hentry"],"acf":[],"yoast_head":"<!-- This site is optimized with the Yoast SEO plugin v27.4 - https:\/\/yoast.com\/product\/yoast-seo-wordpress\/ -->\n<title>We Care | Warsaw\/Creatives<\/title>\n<meta name=\"description\" content=\"We Care to inicjatywa Warsaw\/Creatives wspieraj\u0105ca zr\u00f3wnowa\u017cony rozw\u00f3j i odpowiedzialne podej\u015bcie do biznesu.\" \/>\n<meta name=\"robots\" content=\"index, follow, max-snippet:-1, max-image-preview:large, max-video-preview:-1\" \/>\n<link rel=\"canonical\" href=\"https:\/\/warsawcreatives.com\/pl\/we-care\/\" \/>\n<meta property=\"og:locale\" content=\"pl_PL\" \/>\n<meta property=\"og:type\" content=\"article\" \/>\n<meta property=\"og:title\" content=\"We Care | Warsaw\/Creatives\" \/>\n<meta property=\"og:description\" content=\"We Care to inicjatywa Warsaw\/Creatives wspieraj\u0105ca zr\u00f3wnowa\u017cony rozw\u00f3j i odpowiedzialne podej\u015bcie do biznesu.\" \/>\n<meta property=\"og:url\" content=\"https:\/\/warsawcreatives.com\/pl\/we-care\/\" \/>\n<meta property=\"og:site_name\" content=\"Warsaw Creatives\" \/>\n<meta property=\"article:publisher\" content=\"https:\/\/www.facebook.com\/warsawcreatives\/\" \/>\n<meta property=\"article:modified_time\" content=\"2025-02-17T14:05:55+00:00\" \/>\n<meta name=\"twitter:card\" content=\"summary_large_image\" \/>\n<script type=\"application\/ld+json\" class=\"yoast-schema-graph\">{\"@context\":\"https:\\\/\\\/schema.org\",\"@graph\":[{\"@type\":\"WebPage\",\"@id\":\"https:\\\/\\\/warsawcreatives.com\\\/pl\\\/we-care\\\/\",\"url\":\"https:\\\/\\\/warsawcreatives.com\\\/pl\\\/we-care\\\/\",\"name\":\"We Care | Warsaw\\\/Creatives\",\"isPartOf\":{\"@id\":\"https:\\\/\\\/warsawcreatives.com\\\/pl\\\/#website\"},\"datePublished\":\"2024-11-17T10:40:16+00:00\",\"dateModified\":\"2025-02-17T14:05:55+00:00\",\"description\":\"We Care to inicjatywa Warsaw\\\/Creatives wspieraj\u0105ca zr\u00f3wnowa\u017cony rozw\u00f3j i odpowiedzialne podej\u015bcie do biznesu.\",\"breadcrumb\":{\"@id\":\"https:\\\/\\\/warsawcreatives.com\\\/pl\\\/we-care\\\/#breadcrumb\"},\"inLanguage\":\"pl-PL\",\"potentialAction\":[{\"@type\":\"ReadAction\",\"target\":[\"https:\\\/\\\/warsawcreatives.com\\\/pl\\\/we-care\\\/\"]}]},{\"@type\":\"BreadcrumbList\",\"@id\":\"https:\\\/\\\/warsawcreatives.com\\\/pl\\\/we-care\\\/#breadcrumb\",\"itemListElement\":[{\"@type\":\"ListItem\",\"position\":1,\"name\":\"Home\",\"item\":\"https:\\\/\\\/warsawcreatives.com\\\/pl\\\/\"},{\"@type\":\"ListItem\",\"position\":2,\"name\":\"We Care\"}]},{\"@type\":\"WebSite\",\"@id\":\"https:\\\/\\\/warsawcreatives.com\\\/pl\\\/#website\",\"url\":\"https:\\\/\\\/warsawcreatives.com\\\/pl\\\/\",\"name\":\"Warsaw\\\/Creatives\",\"description\":\"We are a creative agency providing strategic value, through creativity, engagement and sustainability, with offices in Warsaw and London.\",\"publisher\":{\"@id\":\"https:\\\/\\\/warsawcreatives.com\\\/pl\\\/#organization\"},\"potentialAction\":[{\"@type\":\"SearchAction\",\"target\":{\"@type\":\"EntryPoint\",\"urlTemplate\":\"https:\\\/\\\/warsawcreatives.com\\\/pl\\\/?s={search_term_string}\"},\"query-input\":{\"@type\":\"PropertyValueSpecification\",\"valueRequired\":true,\"valueName\":\"search_term_string\"}}],\"inLanguage\":\"pl-PL\"},{\"@type\":\"Organization\",\"@id\":\"https:\\\/\\\/warsawcreatives.com\\\/pl\\\/#organization\",\"name\":\"Warsaw\\\/Creatives\",\"url\":\"https:\\\/\\\/warsawcreatives.com\\\/pl\\\/\",\"logo\":{\"@type\":\"ImageObject\",\"inLanguage\":\"pl-PL\",\"@id\":\"https:\\\/\\\/warsawcreatives.com\\\/pl\\\/#\\\/schema\\\/logo\\\/image\\\/\",\"url\":\"https:\\\/\\\/warsawcreatives.com\\\/wp-content\\\/uploads\\\/2025\\\/02\\\/Creatives.jpg\",\"contentUrl\":\"https:\\\/\\\/warsawcreatives.com\\\/wp-content\\\/uploads\\\/2025\\\/02\\\/Creatives.jpg\",\"width\":137,\"height\":100,\"caption\":\"Warsaw\\\/Creatives\"},\"image\":{\"@id\":\"https:\\\/\\\/warsawcreatives.com\\\/pl\\\/#\\\/schema\\\/logo\\\/image\\\/\"},\"sameAs\":[\"https:\\\/\\\/www.facebook.com\\\/warsawcreatives\\\/\",\"https:\\\/\\\/www.instagram.com\\\/warsawcreatives\\\/\"]}]}<\/script>\n<!-- \/ Yoast SEO plugin. -->","yoast_head_json":{"title":"We Care | Warsaw\/Creatives","description":"We Care to inicjatywa Warsaw\/Creatives wspieraj\u0105ca zr\u00f3wnowa\u017cony rozw\u00f3j i odpowiedzialne podej\u015bcie do biznesu.","robots":{"index":"index","follow":"follow","max-snippet":"max-snippet:-1","max-image-preview":"max-image-preview:large","max-video-preview":"max-video-preview:-1"},"canonical":"https:\/\/warsawcreatives.com\/pl\/we-care\/","og_locale":"pl_PL","og_type":"article","og_title":"We Care | Warsaw\/Creatives","og_description":"We Care to inicjatywa Warsaw\/Creatives wspieraj\u0105ca zr\u00f3wnowa\u017cony rozw\u00f3j i odpowiedzialne podej\u015bcie do biznesu.","og_url":"https:\/\/warsawcreatives.com\/pl\/we-care\/","og_site_name":"Warsaw Creatives","article_publisher":"https:\/\/www.facebook.com\/warsawcreatives\/","article_modified_time":"2025-02-17T14:05:55+00:00","twitter_card":"summary_large_image","schema":{"@context":"https:\/\/schema.org","@graph":[{"@type":"WebPage","@id":"https:\/\/warsawcreatives.com\/pl\/we-care\/","url":"https:\/\/warsawcreatives.com\/pl\/we-care\/","name":"We Care | Warsaw\/Creatives","isPartOf":{"@id":"https:\/\/warsawcreatives.com\/pl\/#website"},"datePublished":"2024-11-17T10:40:16+00:00","dateModified":"2025-02-17T14:05:55+00:00","description":"We Care to inicjatywa Warsaw\/Creatives wspieraj\u0105ca zr\u00f3wnowa\u017cony rozw\u00f3j i odpowiedzialne podej\u015bcie do biznesu.","breadcrumb":{"@id":"https:\/\/warsawcreatives.com\/pl\/we-care\/#breadcrumb"},"inLanguage":"pl-PL","potentialAction":[{"@type":"ReadAction","target":["https:\/\/warsawcreatives.com\/pl\/we-care\/"]}]},{"@type":"BreadcrumbList","@id":"https:\/\/warsawcreatives.com\/pl\/we-care\/#breadcrumb","itemListElement":[{"@type":"ListItem","position":1,"name":"Home","item":"https:\/\/warsawcreatives.com\/pl\/"},{"@type":"ListItem","position":2,"name":"We Care"}]},{"@type":"WebSite","@id":"https:\/\/warsawcreatives.com\/pl\/#website","url":"https:\/\/warsawcreatives.com\/pl\/","name":"Warsaw\/Creatives","description":"We are a creative agency providing strategic value, through creativity, engagement and sustainability, with offices in Warsaw and London.","publisher":{"@id":"https:\/\/warsawcreatives.com\/pl\/#organization"},"potentialAction":[{"@type":"SearchAction","target":{"@type":"EntryPoint","urlTemplate":"https:\/\/warsawcreatives.com\/pl\/?s={search_term_string}"},"query-input":{"@type":"PropertyValueSpecification","valueRequired":true,"valueName":"search_term_string"}}],"inLanguage":"pl-PL"},{"@type":"Organization","@id":"https:\/\/warsawcreatives.com\/pl\/#organization","name":"Warsaw\/Creatives","url":"https:\/\/warsawcreatives.com\/pl\/","logo":{"@type":"ImageObject","inLanguage":"pl-PL","@id":"https:\/\/warsawcreatives.com\/pl\/#\/schema\/logo\/image\/","url":"https:\/\/warsawcreatives.com\/wp-content\/uploads\/2025\/02\/Creatives.jpg","contentUrl":"https:\/\/warsawcreatives.com\/wp-content\/uploads\/2025\/02\/Creatives.jpg","width":137,"height":100,"caption":"Warsaw\/Creatives"},"image":{"@id":"https:\/\/warsawcreatives.com\/pl\/#\/schema\/logo\/image\/"},"sameAs":["https:\/\/www.facebook.com\/warsawcreatives\/","https:\/\/www.instagram.com\/warsawcreatives\/"]}]}},"_links":{"self":[{"href":"https:\/\/warsawcreatives.com\/pl\/wp-json\/wp\/v2\/pages\/1915","targetHints":{"allow":["GET"]}}],"collection":[{"href":"https:\/\/warsawcreatives.com\/pl\/wp-json\/wp\/v2\/pages"}],"about":[{"href":"https:\/\/warsawcreatives.com\/pl\/wp-json\/wp\/v2\/types\/page"}],"author":[{"embeddable":true,"href":"https:\/\/warsawcreatives.com\/pl\/wp-json\/wp\/v2\/users\/1"}],"replies":[{"embeddable":true,"href":"https:\/\/warsawcreatives.com\/pl\/wp-json\/wp\/v2\/comments?post=1915"}],"version-history":[{"count":6,"href":"https:\/\/warsawcreatives.com\/pl\/wp-json\/wp\/v2\/pages\/1915\/revisions"}],"predecessor-version":[{"id":2363,"href":"https:\/\/warsawcreatives.com\/pl\/wp-json\/wp\/v2\/pages\/1915\/revisions\/2363"}],"wp:attachment":[{"href":"https:\/\/warsawcreatives.com\/pl\/wp-json\/wp\/v2\/media?parent=1915"}],"curies":[{"name":"wp","href":"https:\/\/api.w.org\/{rel}","templated":true}]}}